{"id":42,"date":"2025-08-28T11:35:06","date_gmt":"2025-08-28T11:35:06","guid":{"rendered":"https:\/\/luorji.es\/?page_id=42"},"modified":"2025-08-28T20:47:08","modified_gmt":"2025-08-28T20:47:08","slug":"investigacion","status":"publish","type":"page","link":"https:\/\/luorji.es\/index.php\/investigacion\/","title":{"rendered":"INVESTIGACI\u00d3N"},"content":{"rendered":"\t\t<div data-elementor-type=\"wp-page\" data-elementor-id=\"42\" class=\"elementor elementor-42\">\n\t\t\t\t<div class=\"elementor-element elementor-element-cbbae9d e-con-full e-flex e-con e-parent\" data-id=\"cbbae9d\" data-element_type=\"container\">\n\t\t<div class=\"elementor-element elementor-element-ede654d e-con-full e-flex e-con e-child\" data-id=\"ede654d\" data-element_type=\"container\">\n\t\t\t\t<div class=\"elementor-element elementor-element-0c16405 elementor-widget elementor-widget-image\" data-id=\"0c16405\" data-element_type=\"widget\" data-widget_type=\"image.default\">\n\t\t\t\t\t\t\t\t\t\t\t\t<figure class=\"wp-caption\">\n\t\t\t\t\t\t\t\t\t\t<img decoding=\"async\" width=\"150\" height=\"150\" src=\"https:\/\/luorji.es\/wp-content\/uploads\/2025\/08\/logo-grupo-Investigacion-150x150.jpg\" class=\"attachment-thumbnail size-thumbnail wp-image-26\" alt=\"\" \/>\t\t\t\t\t\t\t\t\t\t\t<figcaption class=\"widget-image-caption wp-caption-text\">Grupo de Investigaci\u00f3n HUM-782. Diversidad, discapacidad y NEE<\/figcaption>\n\t\t\t\t\t\t\t\t\t\t<\/figure>\n\t\t\t\t\t\t\t\t\t<\/div>\n\t\t\t\t<\/div>\n\t\t<div class=\"elementor-element elementor-element-069c3bc e-con-full e-flex e-con e-child\" data-id=\"069c3bc\" data-element_type=\"container\">\n\t\t\t\t<div class=\"elementor-element elementor-element-f936ffe elementor-widget__width-initial elementor-widget elementor-widget-image\" data-id=\"f936ffe\" data-element_type=\"widget\" data-widget_type=\"image.default\">\n\t\t\t\t\t\t\t\t\t\t\t\t<figure class=\"wp-caption\">\n\t\t\t\t\t\t\t\t\t\t\t<a href=\"http:\/\/www.ual.es\" target=\"_blank\">\n\t\t\t\t\t\t\t<img fetchpriority=\"high\" decoding=\"async\" width=\"673\" height=\"194\" src=\"https:\/\/luorji.es\/wp-content\/uploads\/2025\/08\/nueva-protada-con-mar.jpg\" class=\"attachment-large size-large wp-image-24\" alt=\"\" srcset=\"https:\/\/luorji.es\/wp-content\/uploads\/2025\/08\/nueva-protada-con-mar.jpg 673w, https:\/\/luorji.es\/wp-content\/uploads\/2025\/08\/nueva-protada-con-mar-300x86.jpg 300w\" sizes=\"(max-width: 673px) 100vw, 673px\" \/>\t\t\t\t\t\t\t\t<\/a>\n\t\t\t\t\t\t\t\t\t\t\t<figcaption class=\"widget-image-caption wp-caption-text\">\"Sigue abriendo en los caminos el surco de tu destino. La alegr\u00eda de sembrar no te la pueden quitar\".   V\u00edctor Jara<\/figcaption>\n\t\t\t\t\t\t\t\t\t\t<\/figure>\n\t\t\t\t\t\t\t\t\t<\/div>\n\t\t\t\t<\/div>\n\t\t<div class=\"elementor-element elementor-element-f42d4a1 e-con-full e-flex e-con e-child\" data-id=\"f42d4a1\" data-element_type=\"container\">\n\t\t\t\t<div class=\"elementor-element elementor-element-6eb23ac elementor-widget elementor-widget-image\" data-id=\"6eb23ac\" data-element_type=\"widget\" data-widget_type=\"image.default\">\n\t\t\t\t\t\t\t\t\t\t\t\t\t\t\t<img decoding=\"async\" width=\"150\" height=\"150\" src=\"https:\/\/luorji.es\/wp-content\/uploads\/2025\/08\/luis-ortiz-150x150.jpg\" class=\"attachment-thumbnail size-thumbnail wp-image-25\" alt=\"\" srcset=\"https:\/\/luorji.es\/wp-content\/uploads\/2025\/08\/luis-ortiz-150x150.jpg 150w, https:\/\/luorji.es\/wp-content\/uploads\/2025\/08\/luis-ortiz-300x300.jpg 300w, https:\/\/luorji.es\/wp-content\/uploads\/2025\/08\/luis-ortiz.jpg 500w\" sizes=\"(max-width: 150px) 100vw, 150px\" \/>\t\t\t\t\t\t\t\t\t\t\t\t\t\t\t<\/div>\n\t\t\t\t<\/div>\n\t\t\t\t<\/div>\n\t\t<div class=\"elementor-element elementor-element-1e11b6e e-flex e-con-boxed e-con e-parent\" data-id=\"1e11b6e\" data-element_type=\"container\">\n\t\t\t\t\t<div class=\"e-con-inner\">\n\t\t\t\t<div class=\"elementor-element elementor-element-30de076 elementor-widget elementor-widget-heading\" data-id=\"30de076\" data-element_type=\"widget\" data-widget_type=\"heading.default\">\n\t\t\t\t\t<h2 class=\"elementor-heading-title elementor-size-default\">INVESTIGACI\u00d3N<\/h2>\t\t\t\t<\/div>\n\t\t\t\t\t<\/div>\n\t\t\t\t<\/div>\n\t\t<div class=\"elementor-element elementor-element-e5c6fcb e-con-full e-flex e-con e-parent\" data-id=\"e5c6fcb\" data-element_type=\"container\">\n\t\t<div class=\"elementor-element elementor-element-f5618b3 e-con-full e-flex e-con e-child\" data-id=\"f5618b3\" data-element_type=\"container\">\n\t\t\t\t<div class=\"elementor-element elementor-element-85b6912 elementor-widget elementor-widget-heading\" data-id=\"85b6912\" data-element_type=\"widget\" data-widget_type=\"heading.default\">\n\t\t\t\t\t<h2 class=\"elementor-heading-title elementor-size-default\">PUBLICACIONES<\/h2>\t\t\t\t<\/div>\n\t\t\t\t<\/div>\n\t\t<div class=\"elementor-element elementor-element-90e09dc e-con-full e-flex e-con e-child\" data-id=\"90e09dc\" data-element_type=\"container\">\n\t\t\t\t<div class=\"elementor-element elementor-element-ffd85dd elementor-widget elementor-widget-heading\" data-id=\"ffd85dd\" data-element_type=\"widget\" data-widget_type=\"heading.default\">\n\t\t\t\t\t<h2 class=\"elementor-heading-title elementor-size-default\">PROYECTOS DE INVESTIGACI\u00d3N<\/h2>\t\t\t\t<\/div>\n\t\t\t\t<\/div>\n\t\t\t\t<\/div>\n\t\t<div class=\"elementor-element elementor-element-df2feff e-con-full e-flex e-con e-parent\" data-id=\"df2feff\" data-element_type=\"container\">\n\t\t<div class=\"elementor-element elementor-element-28ed7b3 e-con-full e-flex e-con e-child\" data-id=\"28ed7b3\" data-element_type=\"container\">\n\t\t\t\t<div class=\"elementor-element elementor-element-d0ea564 elementor-widget elementor-widget-text-editor\" data-id=\"d0ea564\" data-element_type=\"widget\" data-widget_type=\"text-editor.default\">\n\t\t\t\t\t\t\t\t\t<p style=\"text-align: center;\"><span style=\"color: #000000;\">REVISTAS<\/span><\/p><p>\u00a0<\/p><p>\u00a0<\/p><p style=\"text-align: center;\"><span style=\"color: #000000;\">LIBROS<\/span><\/p>\t\t\t\t\t\t\t\t<\/div>\n\t\t\t\t<\/div>\n\t\t<div class=\"elementor-element elementor-element-726c131 e-con-full e-flex e-con e-child\" data-id=\"726c131\" data-element_type=\"container\">\n\t\t\t\t<div class=\"elementor-element elementor-element-a91d6c1 elementor-widget elementor-widget-text-editor\" data-id=\"a91d6c1\" data-element_type=\"widget\" data-widget_type=\"text-editor.default\">\n\t\t\t\t\t\t\t\t\t<p style=\"text-align: center;\"><span style=\"color: #000000;\">INTERNACIONALES<\/span><\/p><p>\u00a0<\/p><p>\u00a0<\/p><p style=\"text-align: center;\"><span style=\"color: #000000;\">NACIONALES<\/span><\/p>\t\t\t\t\t\t\t\t<\/div>\n\t\t\t\t<\/div>\n\t\t\t\t<\/div>\n\t\t<div class=\"elementor-element elementor-element-3fbac53 e-flex e-con-boxed e-con e-parent\" data-id=\"3fbac53\" data-element_type=\"container\">\n\t\t\t\t\t<div class=\"e-con-inner\">\n\t\t\t\t<div class=\"elementor-element elementor-element-93981f6 elementor-align-center elementor-widget elementor-widget-button\" data-id=\"93981f6\" data-element_type=\"widget\" data-widget_type=\"button.default\">\n\t\t\t\t\t\t\t\t\t\t<a class=\"elementor-button elementor-button-link elementor-size-sm\" href=\"https:\/\/luorji.es\">\n\t\t\t\t\t\t<span class=\"elementor-button-content-wrapper\">\n\t\t\t\t\t\t\t\t\t<span class=\"elementor-button-text\">Regresar a Principal<\/span>\n\t\t\t\t\t<\/span>\n\t\t\t\t\t<\/a>\n\t\t\t\t\t\t\t\t<\/div>\n\t\t\t\t\t<\/div>\n\t\t\t\t<\/div>\n\t\t\t\t<\/div>\n\t\t","protected":false},"excerpt":{"rendered":"<p>Grupo de Investigaci\u00f3n HUM-782. Diversidad, discapacidad y NEE \u00abSigue abriendo en los caminos el surco de tu destino. La alegr\u00eda de sembrar no te la pueden quitar\u00bb. V\u00edctor Jara INVESTIGACI\u00d3N PUBLICACIONES PROYECTOS DE INVESTIGACI\u00d3N REVISTAS \u00a0 \u00a0 LIBROS INTERNACIONALES \u00a0 \u00a0 NACIONALES Regresar a Principal<\/p>\n","protected":false},"author":1,"featured_media":0,"parent":0,"menu_order":0,"comment_status":"closed","ping_status":"closed","template":"elementor_canvas","meta":{"footnotes":""},"class_list":["post-42","page","type-page","status-publish","hentry"],"_links":{"self":[{"href":"https:\/\/luorji.es\/index.php\/wp-json\/wp\/v2\/pages\/42","targetHints":{"allow":["GET"]}}],"collection":[{"href":"https:\/\/luorji.es\/index.php\/wp-json\/wp\/v2\/pages"}],"about":[{"href":"https:\/\/luorji.es\/index.php\/wp-json\/wp\/v2\/types\/page"}],"author":[{"embeddable":true,"href":"https:\/\/luorji.es\/index.php\/wp-json\/wp\/v2\/users\/1"}],"replies":[{"embeddable":true,"href":"https:\/\/luorji.es\/index.php\/wp-json\/wp\/v2\/comments?post=42"}],"version-history":[{"count":10,"href":"https:\/\/luorji.es\/index.php\/wp-json\/wp\/v2\/pages\/42\/revisions"}],"predecessor-version":[{"id":74,"href":"https:\/\/luorji.es\/index.php\/wp-json\/wp\/v2\/pages\/42\/revisions\/74"}],"wp:attachment":[{"href":"https:\/\/luorji.es\/index.php\/wp-json\/wp\/v2\/media?parent=42"}],"curies":[{"name":"wp","href":"https:\/\/api.w.org\/{rel}","templated":true}]}}