{"id":7,"date":"2025-08-28T11:14:41","date_gmt":"2025-08-28T11:14:41","guid":{"rendered":"https:\/\/luorji.es\/?page_id=7"},"modified":"2025-08-28T21:01:05","modified_gmt":"2025-08-28T21:01:05","slug":"index","status":"publish","type":"page","link":"https:\/\/luorji.es\/","title":{"rendered":"Index"},"content":{"rendered":"\t\t<div data-elementor-type=\"wp-page\" data-elementor-id=\"7\" class=\"elementor elementor-7\">\n\t\t\t\t<div class=\"elementor-element elementor-element-84418ff e-con-full e-flex e-con e-parent\" data-id=\"84418ff\" data-element_type=\"container\">\n\t\t<div class=\"elementor-element elementor-element-129a9fb e-con-full e-flex e-con e-child\" data-id=\"129a9fb\" data-element_type=\"container\">\n\t\t\t\t<div class=\"elementor-element elementor-element-2c99917 elementor-widget elementor-widget-image\" data-id=\"2c99917\" data-element_type=\"widget\" data-widget_type=\"image.default\">\n\t\t\t\t\t\t\t\t\t\t\t\t<figure class=\"wp-caption\">\n\t\t\t\t\t\t\t\t\t\t<img decoding=\"async\" width=\"150\" height=\"150\" src=\"https:\/\/luorji.es\/wp-content\/uploads\/2025\/08\/logo-grupo-Investigacion-150x150.jpg\" class=\"attachment-thumbnail size-thumbnail wp-image-26\" alt=\"\" \/>\t\t\t\t\t\t\t\t\t\t\t<figcaption class=\"widget-image-caption wp-caption-text\">Grupo de Investigaci\u00f3n HUM-782. Diversidad, discapacidad y NEE<\/figcaption>\n\t\t\t\t\t\t\t\t\t\t<\/figure>\n\t\t\t\t\t\t\t\t\t<\/div>\n\t\t\t\t<\/div>\n\t\t<div class=\"elementor-element elementor-element-b328c71 e-con-full e-flex e-con e-child\" data-id=\"b328c71\" data-element_type=\"container\">\n\t\t\t\t<div class=\"elementor-element elementor-element-3274bb5 elementor-widget__width-initial elementor-widget elementor-widget-image\" data-id=\"3274bb5\" data-element_type=\"widget\" data-widget_type=\"image.default\">\n\t\t\t\t\t\t\t\t\t\t\t\t<figure class=\"wp-caption\">\n\t\t\t\t\t\t\t\t\t\t\t<a href=\"http:\/\/www.ual.es\" target=\"_blank\">\n\t\t\t\t\t\t\t<img fetchpriority=\"high\" decoding=\"async\" width=\"673\" height=\"194\" src=\"https:\/\/luorji.es\/wp-content\/uploads\/2025\/08\/nueva-protada-con-mar.jpg\" class=\"attachment-large size-large wp-image-24\" alt=\"\" srcset=\"https:\/\/luorji.es\/wp-content\/uploads\/2025\/08\/nueva-protada-con-mar.jpg 673w, https:\/\/luorji.es\/wp-content\/uploads\/2025\/08\/nueva-protada-con-mar-300x86.jpg 300w\" sizes=\"(max-width: 673px) 100vw, 673px\" \/>\t\t\t\t\t\t\t\t<\/a>\n\t\t\t\t\t\t\t\t\t\t\t<figcaption class=\"widget-image-caption wp-caption-text\">\"Sigue abriendo en los caminos el surco de tu destino. La alegr\u00eda de sembrar no te la pueden quitar\".   V\u00edctor Jara<\/figcaption>\n\t\t\t\t\t\t\t\t\t\t<\/figure>\n\t\t\t\t\t\t\t\t\t<\/div>\n\t\t\t\t<\/div>\n\t\t<div class=\"elementor-element elementor-element-2024e74 e-con-full e-flex e-con e-child\" data-id=\"2024e74\" data-element_type=\"container\">\n\t\t\t\t<div class=\"elementor-element elementor-element-61a1fee elementor-widget elementor-widget-image\" data-id=\"61a1fee\" data-element_type=\"widget\" data-widget_type=\"image.default\">\n\t\t\t\t\t\t\t\t\t\t\t\t\t\t\t<img decoding=\"async\" width=\"150\" height=\"150\" src=\"https:\/\/luorji.es\/wp-content\/uploads\/2025\/08\/luis-ortiz-150x150.jpg\" class=\"attachment-thumbnail size-thumbnail wp-image-25\" alt=\"\" srcset=\"https:\/\/luorji.es\/wp-content\/uploads\/2025\/08\/luis-ortiz-150x150.jpg 150w, https:\/\/luorji.es\/wp-content\/uploads\/2025\/08\/luis-ortiz-300x300.jpg 300w, https:\/\/luorji.es\/wp-content\/uploads\/2025\/08\/luis-ortiz.jpg 500w\" sizes=\"(max-width: 150px) 100vw, 150px\" \/>\t\t\t\t\t\t\t\t\t\t\t\t\t\t\t<\/div>\n\t\t\t\t<\/div>\n\t\t\t\t<\/div>\n\t\t<div class=\"elementor-element elementor-element-d141e4d e-flex e-con-boxed e-con e-parent\" data-id=\"d141e4d\" data-element_type=\"container\">\n\t\t\t\t\t<div class=\"e-con-inner\">\n\t\t\t\t<div class=\"elementor-element elementor-element-3a36eb5 elementor-widget elementor-widget-heading\" data-id=\"3a36eb5\" data-element_type=\"widget\" data-widget_type=\"heading.default\">\n\t\t\t\t\t<h2 class=\"elementor-heading-title elementor-size-default\">LUIS ORTIZ JIM\u00c9NEZ<br>UNIVERSIDAD DE ALMER\u00cdA<\/h2>\t\t\t\t<\/div>\n\t\t\t\t\t<\/div>\n\t\t\t\t<\/div>\n\t\t<div class=\"elementor-element elementor-element-0e2ebfb e-grid e-con-full e-con e-parent\" data-id=\"0e2ebfb\" data-element_type=\"container\" data-settings=\"{&quot;background_background&quot;:&quot;classic&quot;}\">\n\t\t\t\t<div class=\"elementor-element elementor-element-6401b33 elementor-widget elementor-widget-image\" data-id=\"6401b33\" data-element_type=\"widget\" data-widget_type=\"image.default\">\n\t\t\t\t\t\t\t\t\t\t\t\t<figure class=\"wp-caption\">\n\t\t\t\t\t\t\t\t\t\t\t<a href=\"https:\/\/luorji.es\/index.php\/investigacion\/\" target=\"_blank\">\n\t\t\t\t\t\t\t<img loading=\"lazy\" decoding=\"async\" width=\"190\" height=\"203\" src=\"https:\/\/luorji.es\/wp-content\/uploads\/2025\/08\/investigar.jpeg\" class=\"attachment-large size-large wp-image-21\" alt=\"\" \/>\t\t\t\t\t\t\t\t<\/a>\n\t\t\t\t\t\t\t\t\t\t\t<figcaption class=\"widget-image-caption wp-caption-text\">INVESTIGACI\u00d3N<\/figcaption>\n\t\t\t\t\t\t\t\t\t\t<\/figure>\n\t\t\t\t\t\t\t\t\t<\/div>\n\t\t\t\t<div class=\"elementor-element elementor-element-d9296a6 elementor-widget elementor-widget-image\" data-id=\"d9296a6\" data-element_type=\"widget\" data-widget_type=\"image.default\">\n\t\t\t\t\t\t\t\t\t\t\t\t<figure class=\"wp-caption\">\n\t\t\t\t\t\t\t\t\t\t\t<a href=\"https:\/\/www.ual.es\/persona\/505249554857495077\" target=\"_blank\">\n\t\t\t\t\t\t\t<img loading=\"lazy\" decoding=\"async\" width=\"200\" height=\"300\" src=\"https:\/\/luorji.es\/wp-content\/uploads\/2025\/08\/docente-200x300.png\" class=\"attachment-medium size-medium wp-image-19\" alt=\"\" srcset=\"https:\/\/luorji.es\/wp-content\/uploads\/2025\/08\/docente-200x300.png 200w, https:\/\/luorji.es\/wp-content\/uploads\/2025\/08\/docente-683x1024.png 683w, https:\/\/luorji.es\/wp-content\/uploads\/2025\/08\/docente-768x1152.png 768w, https:\/\/luorji.es\/wp-content\/uploads\/2025\/08\/docente.png 1024w\" sizes=\"(max-width: 200px) 100vw, 200px\" \/>\t\t\t\t\t\t\t\t<\/a>\n\t\t\t\t\t\t\t\t\t\t\t<figcaption class=\"widget-image-caption wp-caption-text\">DOCENCIA<\/figcaption>\n\t\t\t\t\t\t\t\t\t\t<\/figure>\n\t\t\t\t\t\t\t\t\t<\/div>\n\t\t\t\t<div class=\"elementor-element elementor-element-f1b8449 elementor-widget__width-inherit elementor-widget elementor-widget-image\" data-id=\"f1b8449\" data-element_type=\"widget\" data-widget_type=\"image.default\">\n\t\t\t\t\t\t\t\t\t\t\t\t<figure class=\"wp-caption\">\n\t\t\t\t\t\t\t\t\t\t\t<a href=\"https:\/\/luorji.es\/index.php\/revistas\/\">\n\t\t\t\t\t\t\t<img loading=\"lazy\" decoding=\"async\" width=\"1024\" height=\"535\" src=\"https:\/\/luorji.es\/wp-content\/uploads\/2025\/08\/enlace-revistas-1024x535.png\" class=\"attachment-large size-large wp-image-17\" alt=\"\" srcset=\"https:\/\/luorji.es\/wp-content\/uploads\/2025\/08\/enlace-revistas-1024x535.png 1024w, https:\/\/luorji.es\/wp-content\/uploads\/2025\/08\/enlace-revistas-300x157.png 300w, https:\/\/luorji.es\/wp-content\/uploads\/2025\/08\/enlace-revistas-768x401.png 768w, https:\/\/luorji.es\/wp-content\/uploads\/2025\/08\/enlace-revistas.png 1408w\" sizes=\"(max-width: 1024px) 100vw, 1024px\" \/>\t\t\t\t\t\t\t\t<\/a>\n\t\t\t\t\t\t\t\t\t\t\t<figcaption class=\"widget-image-caption wp-caption-text\">ENLACES A REVISTAS<\/figcaption>\n\t\t\t\t\t\t\t\t\t\t<\/figure>\n\t\t\t\t\t\t\t\t\t<\/div>\n\t\t\t\t<div class=\"elementor-element elementor-element-cc7df5c elementor-widget elementor-widget-image\" data-id=\"cc7df5c\" data-element_type=\"widget\" data-widget_type=\"image.default\">\n\t\t\t\t\t\t\t\t\t\t\t\t<figure class=\"wp-caption\">\n\t\t\t\t\t\t\t\t\t\t<img loading=\"lazy\" decoding=\"async\" width=\"1024\" height=\"535\" src=\"https:\/\/luorji.es\/wp-content\/uploads\/2025\/08\/congresos-1024x535.png\" class=\"attachment-large size-large wp-image-15\" alt=\"\" srcset=\"https:\/\/luorji.es\/wp-content\/uploads\/2025\/08\/congresos-1024x535.png 1024w, https:\/\/luorji.es\/wp-content\/uploads\/2025\/08\/congresos-300x157.png 300w, https:\/\/luorji.es\/wp-content\/uploads\/2025\/08\/congresos-768x401.png 768w, https:\/\/luorji.es\/wp-content\/uploads\/2025\/08\/congresos.png 1408w\" sizes=\"(max-width: 1024px) 100vw, 1024px\" \/>\t\t\t\t\t\t\t\t\t\t\t<figcaption class=\"widget-image-caption wp-caption-text\">CONGRESOS<\/figcaption>\n\t\t\t\t\t\t\t\t\t\t<\/figure>\n\t\t\t\t\t\t\t\t\t<\/div>\n\t\t\t\t<\/div>\n\t\t<div class=\"elementor-element elementor-element-f31c4c1 e-flex e-con-boxed e-con e-parent\" data-id=\"f31c4c1\" data-element_type=\"container\">\n\t\t\t\t\t<div class=\"e-con-inner\">\n\t\t\t\t<div class=\"elementor-element elementor-element-639a6ec elementor-widget elementor-widget-text-editor\" data-id=\"639a6ec\" data-element_type=\"widget\" data-widget_type=\"text-editor.default\">\n\t\t\t\t\t\t\t\t\t<h3 align=\"center\"><span style=\"color: #000000;\">Departamento de Educaci\u00f3n, Facutad Ciencias de la Educaci\u00f3n<\/span><\/h3><h3 align=\"center\"><span style=\"color: #000000;\">Edificio Departamental de Humanidades y Ciencias de la Educaci\u00f3n I (Edif. A)<\/span><br \/><span style=\"color: #000000;\">Planta: 2, Despacho: 12<\/span><\/h3><h3 align=\"center\"><span style=\"color: #000000;\">Universidad de Almer\u00eda<\/span><\/h3><h4 style=\"text-align: center;\"><strong><span style=\"color: #0000ff;\">lortizj@ual.es<\/span><\/strong><\/h4><p align=\"center\">\u00a0<\/p>\t\t\t\t\t\t\t\t<\/div>\n\t\t\t\t\t<\/div>\n\t\t\t\t<\/div>\n\t\t<div class=\"elementor-element elementor-element-d3fc724 e-con-full e-flex e-con e-parent\" data-id=\"d3fc724\" data-element_type=\"container\">\n\t\t<div class=\"elementor-element elementor-element-b4b7855 e-con-full e-flex e-con e-child\" data-id=\"b4b7855\" data-element_type=\"container\">\n\t\t\t\t<div class=\"elementor-element elementor-element-ef4bab7 elementor-widget elementor-widget-image\" data-id=\"ef4bab7\" data-element_type=\"widget\" data-widget_type=\"image.default\">\n\t\t\t\t\t\t\t\t\t\t\t\t<figure class=\"wp-caption\">\n\t\t\t\t\t\t\t\t\t\t<img loading=\"lazy\" decoding=\"async\" width=\"150\" height=\"150\" src=\"https:\/\/luorji.es\/wp-content\/uploads\/2025\/08\/logo-uaa-150x150.jpg\" class=\"attachment-thumbnail size-thumbnail wp-image-52\" alt=\"\" srcset=\"https:\/\/luorji.es\/wp-content\/uploads\/2025\/08\/logo-uaa-150x150.jpg 150w, https:\/\/luorji.es\/wp-content\/uploads\/2025\/08\/logo-uaa-300x300.jpg 300w, https:\/\/luorji.es\/wp-content\/uploads\/2025\/08\/logo-uaa-768x768.jpg 768w, https:\/\/luorji.es\/wp-content\/uploads\/2025\/08\/logo-uaa.jpg 900w\" sizes=\"(max-width: 150px) 100vw, 150px\" \/>\t\t\t\t\t\t\t\t\t\t\t<figcaption class=\"widget-image-caption wp-caption-text\">Universidad Aut\u00f3noma de Asunci\u00f3n<\/figcaption>\n\t\t\t\t\t\t\t\t\t\t<\/figure>\n\t\t\t\t\t\t\t\t\t<\/div>\n\t\t\t\t<\/div>\n\t\t<div class=\"elementor-element elementor-element-b76a33a e-con-full e-flex e-con e-child\" data-id=\"b76a33a\" data-element_type=\"container\">\n\t\t\t\t<div class=\"elementor-element elementor-element-0b69062 elementor-widget elementor-widget-text-editor\" data-id=\"0b69062\" data-element_type=\"widget\" data-widget_type=\"text-editor.default\">\n\t\t\t\t\t\t\t\t\t<h4>\u00a0<\/h4><h3 style=\"text-align: center;\"><span style=\"color: #ffffff;\"><span dir=\"auto\" style=\"vertical-align: inherit;\"><span dir=\"auto\" style=\"vertical-align: inherit;\"><span dir=\"auto\" style=\"vertical-align: inherit;\"><span dir=\"auto\" style=\"vertical-align: inherit;\"><span dir=\"auto\" style=\"vertical-align: inherit;\"><span dir=\"auto\" style=\"vertical-align: inherit;\">Direcci\u00f3n de Postgrados, Investigaci\u00f3n e Innovaci\u00f3n<\/span><\/span><\/span><\/span><\/span><\/span><\/span><\/h3><h5 style=\"text-align: center;\"><span style=\"color: #ffffff;\"><span dir=\"auto\" style=\"vertical-align: inherit;\"><span dir=\"auto\" style=\"vertical-align: inherit;\"><span dir=\"auto\" style=\"vertical-align: inherit;\"><span dir=\"auto\" style=\"vertical-align: inherit;\">lortiz@uaa.edu.py<\/span><\/span><\/span><\/span><\/span><\/h5><h4 style=\"text-align: center;\">\u00a0<\/h4>\t\t\t\t\t\t\t\t<\/div>\n\t\t\t\t<\/div>\n\t\t\t\t<\/div>\n\t\t<div class=\"elementor-element elementor-element-693773e e-flex e-con-boxed e-con e-parent\" data-id=\"693773e\" data-element_type=\"container\">\n\t\t\t\t\t<div class=\"e-con-inner\">\n\t\t\t\t<div class=\"elementor-element elementor-element-c64f1fb elementor-align-center elementor-widget elementor-widget-button\" data-id=\"c64f1fb\" data-element_type=\"widget\" data-widget_type=\"button.default\">\n\t\t\t\t\t\t\t\t\t\t<a class=\"elementor-button elementor-button-link elementor-size-sm\" href=\"https:\/\/luorji.es\">\n\t\t\t\t\t\t<span class=\"elementor-button-content-wrapper\">\n\t\t\t\t\t\t\t\t\t<span class=\"elementor-button-text\">Regresar a Principal<\/span>\n\t\t\t\t\t<\/span>\n\t\t\t\t\t<\/a>\n\t\t\t\t\t\t\t\t<\/div>\n\t\t\t\t\t<\/div>\n\t\t\t\t<\/div>\n\t\t\t\t<\/div>\n\t\t","protected":false},"excerpt":{"rendered":"<p>Grupo de Investigaci\u00f3n HUM-782. Diversidad, discapacidad y NEE \u00abSigue abriendo en los caminos el surco de tu destino. La alegr\u00eda de sembrar no te la pueden quitar\u00bb. V\u00edctor Jara LUIS ORTIZ JIM\u00c9NEZUNIVERSIDAD DE ALMER\u00cdA INVESTIGACI\u00d3N DOCENCIA ENLACES A REVISTAS CONGRESOS Departamento de Educaci\u00f3n, Facutad Ciencias de la Educaci\u00f3n Edificio Departamental de Humanidades y Ciencias de [&hellip;]<\/p>\n","protected":false},"author":1,"featured_media":0,"parent":0,"menu_order":0,"comment_status":"closed","ping_status":"closed","template":"elementor_canvas","meta":{"footnotes":""},"class_list":["post-7","page","type-page","status-publish","hentry"],"_links":{"self":[{"href":"https:\/\/luorji.es\/index.php\/wp-json\/wp\/v2\/pages\/7","targetHints":{"allow":["GET"]}}],"collection":[{"href":"https:\/\/luorji.es\/index.php\/wp-json\/wp\/v2\/pages"}],"about":[{"href":"https:\/\/luorji.es\/index.php\/wp-json\/wp\/v2\/types\/page"}],"author":[{"embeddable":true,"href":"https:\/\/luorji.es\/index.php\/wp-json\/wp\/v2\/users\/1"}],"replies":[{"embeddable":true,"href":"https:\/\/luorji.es\/index.php\/wp-json\/wp\/v2\/comments?post=7"}],"version-history":[{"count":34,"href":"https:\/\/luorji.es\/index.php\/wp-json\/wp\/v2\/pages\/7\/revisions"}],"predecessor-version":[{"id":90,"href":"https:\/\/luorji.es\/index.php\/wp-json\/wp\/v2\/pages\/7\/revisions\/90"}],"wp:attachment":[{"href":"https:\/\/luorji.es\/index.php\/wp-json\/wp\/v2\/media?parent=7"}],"curies":[{"name":"wp","href":"https:\/\/api.w.org\/{rel}","templated":true}]}}